{"id":793,"date":"2022-07-26T01:05:58","date_gmt":"2022-07-26T01:05:58","guid":{"rendered":"https:\/\/elittech.ca\/?page_id=793"},"modified":"2022-08-25T17:31:16","modified_gmt":"2022-08-25T17:31:16","slug":"financement","status":"publish","type":"page","link":"https:\/\/elittech.ca\/fr\/financement\/","title":{"rendered":"Financement"},"content":{"rendered":"\t\t<div data-elementor-type=\"wp-page\" data-elementor-id=\"793\" class=\"elementor elementor-793\" data-elementor-post-type=\"page\">\n\t\t\t\t\t\t<section class=\"elementor-section elementor-top-section elementor-element elementor-element-c478478 elementor-section-height-min-height elementor-section-items-stretch elementor-section-content-middle elementor-section-boxed elementor-section-height-default\" data-id=\"c478478\" data-element_type=\"section\" data-e-type=\"section\" data-settings=\"{&quot;background_background&quot;:&quot;classic&quot;}\">\n\t\t\t\t\t\t<div class=\"elementor-container elementor-column-gap-no\">\n\t\t\t\t\t<div class=\"elementor-column elementor-col-100 elementor-top-column elementor-element elementor-element-134f8f6c\" data-id=\"134f8f6c\" data-element_type=\"column\" data-e-type=\"column\">\n\t\t\t<div class=\"elementor-widget-wrap elementor-element-populated\">\n\t\t\t\t\t\t<div class=\"elementor-element elementor-element-5fd2b4c9 elementor-invisible elementor-widget elementor-widget-heading\" data-id=\"5fd2b4c9\" data-element_type=\"widget\" data-e-type=\"widget\" data-settings=\"{&quot;_animation&quot;:&quot;fadeIn&quot;}\" data-widget_type=\"heading.default\">\n\t\t\t\t<div class=\"elementor-widget-container\">\n\t\t\t\t\t<h1 class=\"elementor-heading-title elementor-size-default\">financement<\/h1>\t\t\t\t<\/div>\n\t\t\t\t<\/div>\n\t\t\t\t<div class=\"elementor-element elementor-element-84dab75 elementor-widget-divider--view-line elementor-invisible elementor-widget elementor-widget-divider\" data-id=\"84dab75\" data-element_type=\"widget\" data-e-type=\"widget\" data-settings=\"{&quot;_animation&quot;:&quot;fadeIn&quot;,&quot;_animation_delay&quot;:&quot;200&quot;}\" data-widget_type=\"divider.default\">\n\t\t\t\t<div class=\"elementor-widget-container\">\n\t\t\t\t\t\t\t<div class=\"elementor-divider\">\n\t\t\t<span class=\"elementor-divider-separator\">\n\t\t\t\t\t\t<\/span>\n\t\t<\/div>\n\t\t\t\t\t\t<\/div>\n\t\t\t\t<\/div>\n\t\t\t\t\t<\/div>\n\t\t<\/div>\n\t\t\t\t\t<\/div>\n\t\t<\/section>\n\t\t\t\t<section class=\"elementor-section elementor-top-section elementor-element elementor-element-3f6256bd elementor-section-height-min-height elementor-section-content-middle elementor-section-full_width elementor-section-items-stretch elementor-section-height-default\" data-id=\"3f6256bd\" data-element_type=\"section\" data-e-type=\"section\">\n\t\t\t\t\t\t<div class=\"elementor-container elementor-column-gap-no\">\n\t\t\t\t\t<div class=\"elementor-column elementor-col-50 elementor-top-column elementor-element elementor-element-2e1dac18\" data-id=\"2e1dac18\" data-element_type=\"column\" data-e-type=\"column\" data-settings=\"{&quot;background_background&quot;:&quot;classic&quot;}\">\n\t\t\t<div class=\"elementor-widget-wrap elementor-element-populated\">\n\t\t\t\t\t\t<div class=\"elementor-element elementor-element-6822d0f8 elementor-widget elementor-widget-spacer\" data-id=\"6822d0f8\" data-element_type=\"widget\" data-e-type=\"widget\" data-widget_type=\"spacer.default\">\n\t\t\t\t<div class=\"elementor-widget-container\">\n\t\t\t\t\t\t\t<div class=\"elementor-spacer\">\n\t\t\t<div class=\"elementor-spacer-inner\"><\/div>\n\t\t<\/div>\n\t\t\t\t\t\t<\/div>\n\t\t\t\t<\/div>\n\t\t\t\t\t<\/div>\n\t\t<\/div>\n\t\t\t\t<div class=\"elementor-column elementor-col-50 elementor-top-column elementor-element elementor-element-1a75cca1\" data-id=\"1a75cca1\" data-element_type=\"column\" data-e-type=\"column\">\n\t\t\t<div class=\"elementor-widget-wrap elementor-element-populated\">\n\t\t\t\t\t\t<div class=\"elementor-element elementor-element-69b08ced elementor-widget-divider--view-line elementor-invisible elementor-widget elementor-widget-divider\" data-id=\"69b08ced\" data-element_type=\"widget\" data-e-type=\"widget\" data-settings=\"{&quot;_animation&quot;:&quot;slideInRight&quot;}\" data-widget_type=\"divider.default\">\n\t\t\t\t<div class=\"elementor-widget-container\">\n\t\t\t\t\t\t\t<div class=\"elementor-divider\">\n\t\t\t<span class=\"elementor-divider-separator\">\n\t\t\t\t\t\t<\/span>\n\t\t<\/div>\n\t\t\t\t\t\t<\/div>\n\t\t\t\t<\/div>\n\t\t\t\t<div class=\"elementor-element elementor-element-2f7c214a elementor-invisible elementor-widget elementor-widget-heading\" data-id=\"2f7c214a\" data-element_type=\"widget\" data-e-type=\"widget\" id=\"interiorpainting\" data-settings=\"{&quot;_animation&quot;:&quot;fadeIn&quot;,&quot;_animation_delay&quot;:&quot;400&quot;}\" data-widget_type=\"heading.default\">\n\t\t\t\t<div class=\"elementor-widget-container\">\n\t\t\t\t\t<h3 class=\"elementor-heading-title elementor-size-default\">PAYEZ \u00c0 VOTRE RYTHME<\/h3>\t\t\t\t<\/div>\n\t\t\t\t<\/div>\n\t\t\t\t<div class=\"elementor-element elementor-element-b6e111d elementor-widget elementor-widget-text-editor\" data-id=\"b6e111d\" data-element_type=\"widget\" data-e-type=\"widget\" data-widget_type=\"text-editor.default\">\n\t\t\t\t<div class=\"elementor-widget-container\">\n\t\t\t\t\t\t\t\t\t<p>Choisissez un de nos plans de financement et ex\u00e9cutez votre projet plus rapidement que vous ne le pensez ! Nos plans de financement, en partenariat avec Financeit, sont flexibles et abordables!<\/p>\t\t\t\t\t\t\t\t<\/div>\n\t\t\t\t<\/div>\n\t\t\t\t<div class=\"elementor-element elementor-element-eaeac48 elementor-widget elementor-widget-image\" data-id=\"eaeac48\" data-element_type=\"widget\" data-e-type=\"widget\" data-widget_type=\"image.default\">\n\t\t\t\t<div class=\"elementor-widget-container\">\n\t\t\t\t\t\t\t\t\t\t\t\t\t\t\t<img fetchpriority=\"high\" decoding=\"async\" width=\"840\" height=\"167\" src=\"https:\/\/elittech.ca\/wp-content\/uploads\/2022\/07\/Screen-Shot-2022-07-27-at-11.56.59-AM-1024x204.png\" class=\"attachment-large size-large wp-image-952\" alt=\"\" srcset=\"https:\/\/elittech.ca\/wp-content\/uploads\/2022\/07\/Screen-Shot-2022-07-27-at-11.56.59-AM-1024x204.png 1024w, https:\/\/elittech.ca\/wp-content\/uploads\/2022\/07\/Screen-Shot-2022-07-27-at-11.56.59-AM-300x60.png 300w, https:\/\/elittech.ca\/wp-content\/uploads\/2022\/07\/Screen-Shot-2022-07-27-at-11.56.59-AM-768x153.png 768w, https:\/\/elittech.ca\/wp-content\/uploads\/2022\/07\/Screen-Shot-2022-07-27-at-11.56.59-AM-1536x306.png 1536w, https:\/\/elittech.ca\/wp-content\/uploads\/2022\/07\/Screen-Shot-2022-07-27-at-11.56.59-AM-2048x408.png 2048w, https:\/\/elittech.ca\/wp-content\/uploads\/2022\/07\/Screen-Shot-2022-07-27-at-11.56.59-AM-500x100.png 500w, https:\/\/elittech.ca\/wp-content\/uploads\/2022\/07\/Screen-Shot-2022-07-27-at-11.56.59-AM-800x159.png 800w, https:\/\/elittech.ca\/wp-content\/uploads\/2022\/07\/Screen-Shot-2022-07-27-at-11.56.59-AM-1280x255.png 1280w, https:\/\/elittech.ca\/wp-content\/uploads\/2022\/07\/Screen-Shot-2022-07-27-at-11.56.59-AM-1920x383.png 1920w\" sizes=\"(max-width: 840px) 100vw, 840px\" \/>\t\t\t\t\t\t\t\t\t\t\t\t\t\t\t<\/div>\n\t\t\t\t<\/div>\n\t\t\t\t\t<\/div>\n\t\t<\/div>\n\t\t\t\t\t<\/div>\n\t\t<\/section>\n\t\t\t\t<section class=\"elementor-section elementor-top-section elementor-element elementor-element-5534ef31 elementor-section-height-min-height elementor-section-content-middle elementor-section-full_width elementor-section-items-stretch elementor-section-height-default\" data-id=\"5534ef31\" data-element_type=\"section\" data-e-type=\"section\">\n\t\t\t\t\t\t<div class=\"elementor-container elementor-column-gap-no\">\n\t\t\t\t\t<div class=\"elementor-column elementor-col-50 elementor-top-column elementor-element elementor-element-4f43caee\" data-id=\"4f43caee\" data-element_type=\"column\" data-e-type=\"column\" data-settings=\"{&quot;background_background&quot;:&quot;classic&quot;}\">\n\t\t\t<div class=\"elementor-widget-wrap elementor-element-populated\">\n\t\t\t\t\t\t<div class=\"elementor-element elementor-element-20808261 elementor-widget elementor-widget-spacer\" data-id=\"20808261\" data-element_type=\"widget\" data-e-type=\"widget\" data-widget_type=\"spacer.default\">\n\t\t\t\t<div class=\"elementor-widget-container\">\n\t\t\t\t\t\t\t<div class=\"elementor-spacer\">\n\t\t\t<div class=\"elementor-spacer-inner\"><\/div>\n\t\t<\/div>\n\t\t\t\t\t\t<\/div>\n\t\t\t\t<\/div>\n\t\t\t\t\t<\/div>\n\t\t<\/div>\n\t\t\t\t<div class=\"elementor-column elementor-col-50 elementor-top-column elementor-element elementor-element-4e7df096\" data-id=\"4e7df096\" data-element_type=\"column\" data-e-type=\"column\">\n\t\t\t<div class=\"elementor-widget-wrap elementor-element-populated\">\n\t\t\t\t\t\t<div class=\"elementor-element elementor-element-783a3831 elementor-widget-divider--view-line elementor-invisible elementor-widget elementor-widget-divider\" data-id=\"783a3831\" data-element_type=\"widget\" data-e-type=\"widget\" data-settings=\"{&quot;_animation&quot;:&quot;slideInRight&quot;}\" data-widget_type=\"divider.default\">\n\t\t\t\t<div class=\"elementor-widget-container\">\n\t\t\t\t\t\t\t<div class=\"elementor-divider\">\n\t\t\t<span class=\"elementor-divider-separator\">\n\t\t\t\t\t\t<\/span>\n\t\t<\/div>\n\t\t\t\t\t\t<\/div>\n\t\t\t\t<\/div>\n\t\t\t\t<div class=\"elementor-element elementor-element-7a27fd95 elementor-invisible elementor-widget elementor-widget-heading\" data-id=\"7a27fd95\" data-element_type=\"widget\" data-e-type=\"widget\" data-settings=\"{&quot;_animation&quot;:&quot;fadeIn&quot;,&quot;_animation_delay&quot;:&quot;400&quot;}\" data-widget_type=\"heading.default\">\n\t\t\t\t<div class=\"elementor-widget-container\">\n\t\t\t\t\t<h3 class=\"elementor-heading-title elementor-size-default\">\u00cates-vous pr\u00eat \u00e0 d\u00e9marrer votre projet?<\/h3>\t\t\t\t<\/div>\n\t\t\t\t<\/div>\n\t\t\t\t<div class=\"elementor-element elementor-element-138cc199 elementor-widget elementor-widget-text-editor\" data-id=\"138cc199\" data-element_type=\"widget\" data-e-type=\"widget\" data-widget_type=\"text-editor.default\">\n\t\t\t\t<div class=\"elementor-widget-container\">\n\t\t\t\t\t\t\t\t\t<p>Parlez \u00e0 un membre de notre \u00e9quipe pour obtenir une soumission adapt\u00e9e \u00e0 vos besoins.<\/p>\t\t\t\t\t\t\t\t<\/div>\n\t\t\t\t<\/div>\n\t\t\t\t<div class=\"elementor-element elementor-element-e74e9ab elementor-widget elementor-widget-button\" data-id=\"e74e9ab\" data-element_type=\"widget\" data-e-type=\"widget\" data-widget_type=\"button.default\">\n\t\t\t\t<div class=\"elementor-widget-container\">\n\t\t\t\t\t\t\t\t\t<div class=\"elementor-button-wrapper\">\n\t\t\t\t\t<a class=\"elementor-button elementor-button-link elementor-size-sm\" href=\"https:\/\/elittech.ca\/contactez-nous\/\">\n\t\t\t\t\t\t<span class=\"elementor-button-content-wrapper\">\n\t\t\t\t\t\t\t\t\t<span class=\"elementor-button-text\">Contactez-nous<\/span>\n\t\t\t\t\t<\/span>\n\t\t\t\t\t<\/a>\n\t\t\t\t<\/div>\n\t\t\t\t\t\t\t\t<\/div>\n\t\t\t\t<\/div>\n\t\t\t\t\t<\/div>\n\t\t<\/div>\n\t\t\t\t\t<\/div>\n\t\t<\/section>\n\t\t\t\t<section class=\"elementor-section elementor-top-section elementor-element elementor-element-4d78ef22 elementor-section-content-middle elementor-section-boxed elementor-section-height-default elementor-section-height-default\" data-id=\"4d78ef22\" data-element_type=\"section\" data-e-type=\"section\">\n\t\t\t\t\t\t<div class=\"elementor-container elementor-column-gap-no\">\n\t\t\t\t\t<div class=\"elementor-column elementor-col-50 elementor-top-column elementor-element elementor-element-693dfa90\" data-id=\"693dfa90\" data-element_type=\"column\" data-e-type=\"column\">\n\t\t\t<div class=\"elementor-widget-wrap elementor-element-populated\">\n\t\t\t\t\t\t<div class=\"elementor-element elementor-element-a461ca3 elementor-widget elementor-widget-heading\" data-id=\"a461ca3\" data-element_type=\"widget\" data-e-type=\"widget\" data-widget_type=\"heading.default\">\n\t\t\t\t<div class=\"elementor-widget-container\">\n\t\t\t\t\t<h4 class=\"elementor-heading-title elementor-size-default\">GAGNEZ LA TRANQUILIT\u00c9 D'ESPRIT.<\/h4>\t\t\t\t<\/div>\n\t\t\t\t<\/div>\n\t\t\t\t\t<\/div>\n\t\t<\/div>\n\t\t\t\t<div class=\"elementor-column elementor-col-50 elementor-top-column elementor-element elementor-element-16241dd2\" data-id=\"16241dd2\" data-element_type=\"column\" data-e-type=\"column\">\n\t\t\t<div class=\"elementor-widget-wrap elementor-element-populated\">\n\t\t\t\t\t\t<div class=\"elementor-element elementor-element-6baca958 elementor-widget elementor-widget-text-editor\" data-id=\"6baca958\" data-element_type=\"widget\" data-e-type=\"widget\" data-widget_type=\"text-editor.default\">\n\t\t\t\t<div class=\"elementor-widget-container\">\n\t\t\t\t\t\t\t\t\t<p>Tous nos produits, fi\u00e8rement fabriqu\u00e9s au Qu\u00e9bec, \u00a0ainsi que notre service d&rsquo;installation, sont garantis.<\/p>\t\t\t\t\t\t\t\t<\/div>\n\t\t\t\t<\/div>\n\t\t\t\t\t<\/div>\n\t\t<\/div>\n\t\t\t\t\t<\/div>\n\t\t<\/section>\n\t\t<div class=\"elementor-element elementor-element-e99b458 e-flex e-con-boxed e-con e-parent\" data-id=\"e99b458\" data-element_type=\"container\" data-e-type=\"container\">\n\t\t\t\t\t<div class=\"e-con-inner\">\n\t\t\t\t<div class=\"elementor-element elementor-element-1c180b8 elementor-widget elementor-widget-heading\" data-id=\"1c180b8\" data-element_type=\"widget\" data-e-type=\"widget\" data-widget_type=\"heading.default\">\n\t\t\t\t<div class=\"elementor-widget-container\">\n\t\t\t\t\t<h3 class=\"elementor-heading-title elementor-size-default\">Subvention r\u00e9novation<\/h3>\t\t\t\t<\/div>\n\t\t\t\t<\/div>\n\t\t\t\t\t<\/div>\n\t\t\t\t<\/div>\n\t\t\t\t<\/div>\n\t\t","protected":false},"excerpt":{"rendered":"<p>financement PAYEZ \u00c0 VOTRE RYTHME Choisissez un de nos plans de financement et ex\u00e9cutez votre projet plus rapidement que vous ne le pensez ! Nos plans de financement, en partenariat avec Financeit, sont flexibles et abordables! \u00cates-vous pr\u00eat \u00e0 d\u00e9marrer votre projet? Parlez \u00e0 un membre de notre \u00e9quipe pour obtenir une soumission adapt\u00e9e \u00e0 &#8230; <a title=\"Financement\" class=\"read-more\" href=\"https:\/\/elittech.ca\/fr\/financement\/\" aria-label=\"En savoir plus sur Financement\">Lire plus<\/a><\/p>\n","protected":false},"author":1,"featured_media":0,"parent":0,"menu_order":0,"comment_status":"closed","ping_status":"closed","template":"elementor_header_footer","meta":{"_seopress_robots_primary_cat":"","_seopress_titles_title":"\u00c9lit Tech | Subvention r\u00e9novation","_seopress_titles_desc":"Choisissez un de nos plans de financement et ex\u00e9cutez votre projet plus rapidement que vous ne le pensez ! Nos plans de financement, en partenariat avec Financeit, sont flexibles et abordables! Subvention r\u00e9novation.","_seopress_robots_index":"","_seopress_analysis_target_kw":"","_vp_format_video_url":"","_vp_image_focal_point":[],"footnotes":""},"class_list":["post-793","page","type-page","status-publish"],"_links":{"self":[{"href":"https:\/\/elittech.ca\/fr\/wp-json\/wp\/v2\/pages\/793","targetHints":{"allow":["GET"]}}],"collection":[{"href":"https:\/\/elittech.ca\/fr\/wp-json\/wp\/v2\/pages"}],"about":[{"href":"https:\/\/elittech.ca\/fr\/wp-json\/wp\/v2\/types\/page"}],"author":[{"embeddable":true,"href":"https:\/\/elittech.ca\/fr\/wp-json\/wp\/v2\/users\/1"}],"replies":[{"embeddable":true,"href":"https:\/\/elittech.ca\/fr\/wp-json\/wp\/v2\/comments?post=793"}],"version-history":[{"count":0,"href":"https:\/\/elittech.ca\/fr\/wp-json\/wp\/v2\/pages\/793\/revisions"}],"wp:attachment":[{"href":"https:\/\/elittech.ca\/fr\/wp-json\/wp\/v2\/media?parent=793"}],"curies":[{"name":"wp","href":"https:\/\/api.w.org\/{rel}","templated":true}]}}