{"id":7661,"date":"2023-08-29T21:55:14","date_gmt":"2023-08-30T01:55:14","guid":{"rendered":"https:\/\/elittech.ca\/?page_id=7661"},"modified":"2023-08-29T22:24:03","modified_gmt":"2023-08-30T02:24:03","slug":"termes-et-conditions","status":"publish","type":"page","link":"https:\/\/elittech.ca\/fr\/termes-et-conditions\/","title":{"rendered":"Termes et Conditions"},"content":{"rendered":"\t\t<div data-elementor-type=\"wp-page\" data-elementor-id=\"7661\" class=\"elementor elementor-7661\" data-elementor-post-type=\"page\">\n\t\t\t\t<div class=\"elementor-element elementor-element-6d1f6be e-flex e-con-boxed e-con e-parent\" data-id=\"6d1f6be\" data-element_type=\"container\" data-e-type=\"container\" data-settings=\"{&quot;background_background&quot;:&quot;classic&quot;}\">\n\t\t\t\t\t<div class=\"e-con-inner\">\n\t\t\t\t<div class=\"elementor-element elementor-element-29b023f elementor-widget elementor-widget-heading\" data-id=\"29b023f\" data-element_type=\"widget\" data-e-type=\"widget\" data-widget_type=\"heading.default\">\n\t\t\t\t<div class=\"elementor-widget-container\">\n\t\t\t\t\t<h3 class=\"elementor-heading-title elementor-size-default\">Termes et conditions<\/h3>\t\t\t\t<\/div>\n\t\t\t\t<\/div>\n\t\t\t\t<div class=\"elementor-element elementor-element-33571bd elementor-widget elementor-widget-text-editor\" data-id=\"33571bd\" data-element_type=\"widget\" data-e-type=\"widget\" data-widget_type=\"text-editor.default\">\n\t\t\t\t<div class=\"elementor-widget-container\">\n\t\t\t\t\t\t\t\t\t<strong>1.\u00a0Acceptation des conditions<\/strong>\n<strong>1.1.<\/strong> En acc\u00e9dant et en utilisant le site web d&rsquo;Elit Tech Portes et Fen\u00eatres (\u00ab\u00a0site web\u00a0\u00bb), vous acceptez de vous conformer et d&rsquo;\u00eatre li\u00e9 par les pr\u00e9sents termes et conditions.\n<strong>2.\u00a0Utilisation du site web<\/strong>\n<strong>2.1.\u00a0<\/strong>Vous devez \u00eatre \u00e2g\u00e9 d&rsquo;au moins 18 ans pour utiliser ce site Web. En utilisant le site web, vous d\u00e9clarez et garantissez que vous \u00eates majeur.\n<strong>2.2.<\/strong> Vous vous engagez \u00e0 n&rsquo;utiliser le site Web qu&rsquo;\u00e0 des fins licites et conform\u00e9ment \u00e0 toutes les lois et \u00e0 tous les r\u00e8glements applicables au Qu\u00e9bec et au Canada.\n<strong>3. Propri\u00e9t\u00e9 intellectuelle<\/strong>\n<strong>3.1<\/strong>. Tout le contenu du site Web, y compris les textes, les images, les logos et les dessins, est la propri\u00e9t\u00e9 d&rsquo;Elit Tech ou de ses conc\u00e9dants de licence et est prot\u00e9g\u00e9 par les lois sur le droit d&rsquo;auteur et autres lois sur la propri\u00e9t\u00e9 intellectuelle.\n<strong>3.2.<\/strong> Vous ne pouvez pas reproduire, distribuer, modifier ou cr\u00e9er des \u0153uvres d\u00e9riv\u00e9es \u00e0 partir de tout contenu du site Web sans le consentement \u00e9crit expr\u00e8s d&rsquo;Elit Tech.\n<strong>4. Protection de la vie priv\u00e9e<\/strong>\n<strong>4.1.<\/strong> Votre utilisation du site Web est soumise \u00e0 notre politique de confidentialit\u00e9, qui est incorpor\u00e9e dans les pr\u00e9sentes conditions g\u00e9n\u00e9rales. Veuillez consulter notre politique de confidentialit\u00e9 pour comprendre nos pratiques en mati\u00e8re de collecte et d&rsquo;utilisation des donn\u00e9es.\n<strong>5. Acc\u00e8s au site web<\/strong>\n<strong>5.1.<\/strong> Nous nous r\u00e9servons le droit de modifier, de suspendre ou de supprimer l&rsquo;acc\u00e8s \u00e0 tout ou partie du site web \u00e0 tout moment et sans pr\u00e9avis.\n<strong>6. Liens vers des sites web de tiers<\/strong>\n<strong>6.1.<\/strong> Le site web peut contenir des liens vers des sites web de tiers pour votre commodit\u00e9. Ces liens n&rsquo;impliquent pas l&rsquo;approbation d&rsquo;Elit Tech. Nous ne sommes pas responsables du contenu ou des pratiques des sites web li\u00e9s.\n<strong>7. Exclusion de garantie<\/strong>\n<strong>7.1.<\/strong> Le site web est fourni \u00ab\u00a0tel quel\u00a0\u00bb et \u00ab\u00a0tel que disponible\u00a0\u00bb. Elit Tech ne donne aucune garantie, expresse ou implicite, quant \u00e0 l&rsquo;exactitude, l&rsquo;exhaustivit\u00e9 ou la fiabilit\u00e9 du site Web ou de son contenu.\n<strong>8. Limitation de responsabilit\u00e9<\/strong>\n8.1. Dans toute la mesure permise par la loi qu\u00e9b\u00e9coise, Elit Tech ne peut \u00eatre tenue responsable de tout dommage indirect, accessoire, sp\u00e9cial, cons\u00e9cutif ou punitif, ou de toute perte de profits ou de revenus.\n<strong>9. Loi applicable<\/strong>\n<strong>9.1.<\/strong> Ces termes et conditions sont r\u00e9gis par les lois du Qu\u00e9bec, Canada, et tout litige d\u00e9coulant de ces termes sera soumis \u00e0 la juridiction exclusive des tribunaux du Qu\u00e9bec.\n<strong>10. Modifications des conditions g\u00e9n\u00e9rales<\/strong>\n<strong>10.1.<\/strong> Elit Tech se r\u00e9serve le droit de modifier ces termes et conditions en tout temps. Tout changement entrera en vigueur d\u00e8s son affichage sur le site Web. La poursuite de l&rsquo;utilisation du site Web apr\u00e8s de telles modifications constitue l&rsquo;acceptation des conditions mises \u00e0 jour.\n<strong>11. Informations de contact<\/strong>\n<strong>11.1.<\/strong> Pour toute question ou pr\u00e9occupation concernant les pr\u00e9sentes conditions g\u00e9n\u00e9rales, veuillez nous contacter \u00e0 l&rsquo;adresse <a href=\"mailto:info@elittech.ca\">info@elittech.ca<\/a>, ou par t\u00e9l\u00e9phone au <a href=\"tel:+14383762784\">(438) 376-2784<\/a>.\n<strong>12. Compatibilit\u00e9 des accessoires et des habillages de fen\u00eatre<\/strong>\n<strong>12.1.<\/strong> Elit Tech (\u00a0\u00bb l&rsquo;Entreprise \u00ab\u00a0) fournit des services d&rsquo;installation de portes et fen\u00eatres, tels que d\u00e9crits dans nos ententes de services et contrats. Bien que nous nous efforcions d&rsquo;assurer le plus haut niveau de professionnalisme et d&rsquo;ex\u00e9cution, il est important de noter que nous ne sommes pas responsables de la compatibilit\u00e9 des habillages de fen\u00eatres pr\u00e9existants, des accessoires ou des produits connexes (\u00ab\u00a0Accessoires\u00a0\u00bb) avec les nouvelles installations.\n<strong>12.2.<\/strong> Le Client reconna\u00eet et comprend que certains Accessoires, tels que les stores, les rideaux et la quincaillerie, peuvent avoir besoin d&rsquo;\u00eatre ajust\u00e9s, remplac\u00e9s ou modifi\u00e9s pour s&rsquo;adapter aux nouvelles fen\u00eatres et portes. Il incombe au client de v\u00e9rifier la compatibilit\u00e9 de ses accessoires existants avec les nouvelles installations.\n<strong>12.3.<\/strong> L&rsquo;Entreprise ne garantit pas, express\u00e9ment ou implicitement, que les nouvelles installations seront compatibles avec les accessoires pr\u00e9existants ou que les modifications n\u00e9cessaires \u00e0 la compatibilit\u00e9 seront incluses dans les services d&rsquo;installation, \u00e0 moins que cela ne soit explicitement sp\u00e9cifi\u00e9 dans le contrat ou l&rsquo;accord \u00e9crit.\n<strong>12.4.<\/strong> Le client est encourag\u00e9 \u00e0 discuter des inqui\u00e9tudes relatives \u00e0 la compatibilit\u00e9 avec la compagnie avant le d\u00e9but de l&rsquo;installation. Les ajustements, modifications ou remplacements d&rsquo;accessoires n\u00e9cessaires rel\u00e8vent de la responsabilit\u00e9 du client et peuvent entra\u00eener des co\u00fbts suppl\u00e9mentaires.\n<strong>12.5.<\/strong> Elit Tech n&rsquo;est pas responsable des dommages, d\u00e9penses ou pertes subis par le client en raison de l&rsquo;incompatibilit\u00e9 des accessoires avec les nouvelles installations, y compris, mais sans s&rsquo;y limiter, le co\u00fbt du remplacement ou de la modification des accessoires.\n<strong>13. L&rsquo;installation: inclusions et exclusions<\/strong>\n<strong>13.1. <\/strong>L\u2019installation sur tous les items de fenestration est incluse et cela comprend :\n<ul>\n \t<li>La d\u00e9molition avec protection des lieux,<\/li>\n \t<li>Le nettoyage\/ramassage des d\u00e9bris,<\/li>\n \t<li>L\u2019isolation (tape rouge, ur\u00e9thane et\/ou laine),<\/li>\n \t<li>La finition ext\u00e9rieure (aluminium et calfeutrant en silicone Adfast)<\/li>\n \t<li>La finition int\u00e9rieure (cadrage Colonial ou contemporain pr\u00e9-peint)<\/li>\n \t<li>Les moulures que nous installons sont pr\u00e9-peintes. Il est de la responsabilit\u00e9 du client de peindre ses propres moulures une fois l&rsquo;installation termin\u00e9e.<\/li>\n \t<li>Si vous avez une fen\u00eatre de salle de bain dans votre soumission, veuillez nous aviser si vous souhaitez que la fen\u00eatre soit givr\u00e9e ou pas. Sachez que, la plupart du temps, lorsque l&rsquo;option givr\u00e9e est demand\u00e9e, votre fen\u00eatre ne sera pas certifi\u00e9e <em>Energy Star<\/em>. Veuillez \u00a0v\u00e9rifier avec votre repr\u00e9sentant afin d&rsquo;\u00e9viter toute erreur.<\/li>\n \t<li>La poign\u00e9e de porte n&rsquo;est pas un produit offert ni inclus dans la vente de nos portes. Toutefois, si vous vous procurez la poign\u00e9e de porte, nous l&rsquo;installerons pour vous en m\u00eame temps que l&rsquo;installation de la porte, sans frais suppl\u00e9mentaires.<\/li>\n \t<li>Lors de l&rsquo;installation, nous faisons de notre mieux pour retirer les fen\u00eatres et les portes avec pr\u00e9caution sans endommager les murs autour des ouvertures. Il peut cependant arriver qu&rsquo;apr\u00e8s l&rsquo;installation, le client doive repeindre ou retoucher les murs existants en gypse ou en pl\u00e2tre. Elit Tech n&rsquo;est pas responsable de ces dommages et\/ou d\u00e9penses reli\u00e9es.<\/li>\n \t<li>C&rsquo;est la responsabilit\u00e9 du client de v\u00e9rifier les r\u00e8glements de sa municipalit\u00e9 en ce qui concerne le projet de remplacement des fen\u00eatres et des portes avant que les travaux commencent. Elit Tech n&rsquo;est pas responsable de v\u00e9rifier aupr\u00e8s de la municipalit\u00e9 les r\u00e8glements en vigueur avant, pendant et apr\u00e8s l&rsquo;installation.<\/li>\n<\/ul>\n<strong>L\u2019installation est garantie 5 ans (\u00c9lit Tech Construction) et la garantie du fabricant.<\/strong>\t\t\t\t\t\t\t\t<\/div>\n\t\t\t\t<\/div>\n\t\t\t\t\t<\/div>\n\t\t\t\t<\/div>\n\t\t\t\t<\/div>\n\t\t","protected":false},"excerpt":{"rendered":"<p>Termes et conditions 1.\u00a0Acceptation des conditions 1.1. En acc\u00e9dant et en utilisant le site web d&rsquo;Elit Tech Portes et Fen\u00eatres (\u00ab\u00a0site web\u00a0\u00bb), vous acceptez de vous conformer et d&rsquo;\u00eatre li\u00e9 par les pr\u00e9sents termes et conditions. 2.\u00a0Utilisation du site web 2.1.\u00a0Vous devez \u00eatre \u00e2g\u00e9 d&rsquo;au moins 18 ans pour utiliser ce site Web. En utilisant &#8230; <a title=\"Termes et Conditions\" class=\"read-more\" href=\"https:\/\/elittech.ca\/fr\/termes-et-conditions\/\" aria-label=\"En savoir plus sur Termes et Conditions\">Lire plus<\/a><\/p>\n","protected":false},"author":1,"featured_media":0,"parent":0,"menu_order":0,"comment_status":"closed","ping_status":"closed","template":"elementor_header_footer","meta":{"_seopress_robots_primary_cat":"","_seopress_titles_title":"","_seopress_titles_desc":"","_seopress_robots_index":"","_vp_format_video_url":"","_vp_image_focal_point":[],"footnotes":""},"class_list":["post-7661","page","type-page","status-publish"],"_links":{"self":[{"href":"https:\/\/elittech.ca\/fr\/wp-json\/wp\/v2\/pages\/7661","targetHints":{"allow":["GET"]}}],"collection":[{"href":"https:\/\/elittech.ca\/fr\/wp-json\/wp\/v2\/pages"}],"about":[{"href":"https:\/\/elittech.ca\/fr\/wp-json\/wp\/v2\/types\/page"}],"author":[{"embeddable":true,"href":"https:\/\/elittech.ca\/fr\/wp-json\/wp\/v2\/users\/1"}],"replies":[{"embeddable":true,"href":"https:\/\/elittech.ca\/fr\/wp-json\/wp\/v2\/comments?post=7661"}],"version-history":[{"count":0,"href":"https:\/\/elittech.ca\/fr\/wp-json\/wp\/v2\/pages\/7661\/revisions"}],"wp:attachment":[{"href":"https:\/\/elittech.ca\/fr\/wp-json\/wp\/v2\/media?parent=7661"}],"curies":[{"name":"wp","href":"https:\/\/api.w.org\/{rel}","templated":true}]}}