{"id":24,"date":"2021-07-28T14:57:46","date_gmt":"2021-07-28T14:57:46","guid":{"rendered":"https:\/\/elittech.ca\/contact-us\/"},"modified":"2025-07-02T17:21:19","modified_gmt":"2025-07-02T21:21:19","slug":"contactez-nous","status":"publish","type":"page","link":"https:\/\/elittech.ca\/fr\/contactez-nous\/","title":{"rendered":"Contactez-nous"},"content":{"rendered":"\t\t<div data-elementor-type=\"wp-page\" data-elementor-id=\"24\" class=\"elementor elementor-24\" data-elementor-post-type=\"page\">\n\t\t\t\t\t\t<section class=\"elementor-section elementor-top-section elementor-element elementor-element-5c4d642e elementor-section-height-min-height elementor-section-items-stretch elementor-section-content-top elementor-section-full_width elementor-section-height-default\" data-id=\"5c4d642e\" data-element_type=\"section\" data-e-type=\"section\" data-settings=\"{&quot;background_background&quot;:&quot;classic&quot;}\">\n\t\t\t\t\t\t<div class=\"elementor-container elementor-column-gap-no\">\n\t\t\t\t\t<div class=\"elementor-column elementor-col-100 elementor-top-column elementor-element elementor-element-6350e5f9\" data-id=\"6350e5f9\" data-element_type=\"column\" data-e-type=\"column\">\n\t\t\t<div class=\"elementor-widget-wrap elementor-element-populated\">\n\t\t\t\t\t\t<section class=\"elementor-section elementor-inner-section elementor-element elementor-element-3ff05345 elementor-section-boxed elementor-section-height-default elementor-section-height-default\" data-id=\"3ff05345\" data-element_type=\"section\" data-e-type=\"section\">\n\t\t\t\t\t\t<div class=\"elementor-container elementor-column-gap-no\">\n\t\t\t\t\t<div class=\"elementor-column elementor-col-100 elementor-inner-column elementor-element elementor-element-7ca1f99f\" data-id=\"7ca1f99f\" data-element_type=\"column\" data-e-type=\"column\">\n\t\t\t<div class=\"elementor-widget-wrap elementor-element-populated\">\n\t\t\t\t\t\t<div class=\"elementor-element elementor-element-377dbdb elementor-widget elementor-widget-spacer\" data-id=\"377dbdb\" data-element_type=\"widget\" data-e-type=\"widget\" data-widget_type=\"spacer.default\">\n\t\t\t\t<div class=\"elementor-widget-container\">\n\t\t\t\t\t\t\t<div class=\"elementor-spacer\">\n\t\t\t<div class=\"elementor-spacer-inner\"><\/div>\n\t\t<\/div>\n\t\t\t\t\t\t<\/div>\n\t\t\t\t<\/div>\n\t\t\t\t<div class=\"elementor-element elementor-element-36ebf6e1 elementor-invisible elementor-widget elementor-widget-heading\" data-id=\"36ebf6e1\" data-element_type=\"widget\" data-e-type=\"widget\" data-settings=\"{&quot;_animation&quot;:&quot;fadeIn&quot;}\" data-widget_type=\"heading.default\">\n\t\t\t\t<div class=\"elementor-widget-container\">\n\t\t\t\t\t<h1 class=\"elementor-heading-title elementor-size-default\">contactez <br>\u00c9lit Tech<\/h1>\t\t\t\t<\/div>\n\t\t\t\t<\/div>\n\t\t\t\t<div class=\"elementor-element elementor-element-70d1247a elementor-widget-divider--view-line elementor-invisible elementor-widget elementor-widget-divider\" data-id=\"70d1247a\" data-element_type=\"widget\" data-e-type=\"widget\" data-settings=\"{&quot;_animation&quot;:&quot;fadeIn&quot;,&quot;_animation_delay&quot;:&quot;200&quot;}\" data-widget_type=\"divider.default\">\n\t\t\t\t<div class=\"elementor-widget-container\">\n\t\t\t\t\t\t\t<div class=\"elementor-divider\">\n\t\t\t<span class=\"elementor-divider-separator\">\n\t\t\t\t\t\t<\/span>\n\t\t<\/div>\n\t\t\t\t\t\t<\/div>\n\t\t\t\t<\/div>\n\t\t\t\t<div class=\"elementor-element elementor-element-36c120cd elementor-widget elementor-widget-text-editor\" data-id=\"36c120cd\" data-element_type=\"widget\" data-e-type=\"widget\" data-widget_type=\"text-editor.default\">\n\t\t\t\t<div class=\"elementor-widget-container\">\n\t\t\t\t\t\t\t\t\t<p>Pour plus d&rsquo;informations sur nos services et pour obtenir une soumission, n&rsquo;h\u00e9sitez pas \u00e0 communiquer avec nous!<\/p><p>Nous offrons un service d&rsquo;estimation rapide!<\/p>\t\t\t\t\t\t\t\t<\/div>\n\t\t\t\t<\/div>\n\t\t\t\t<div class=\"elementor-element elementor-element-66e07e3f elementor-position-inline-start elementor-view-default elementor-mobile-position-block-start elementor-widget elementor-widget-icon-box\" data-id=\"66e07e3f\" data-element_type=\"widget\" data-e-type=\"widget\" data-widget_type=\"icon-box.default\">\n\t\t\t\t<div class=\"elementor-widget-container\">\n\t\t\t\t\t\t\t<div class=\"elementor-icon-box-wrapper\">\n\n\t\t\t\t\t\t<div class=\"elementor-icon-box-icon\">\n\t\t\t\t<span  class=\"elementor-icon\">\n\t\t\t\t<svg xmlns=\"http:\/\/www.w3.org\/2000\/svg\" id=\"bca0b969-da00-4909-80b0-f45b795ed16e\" data-name=\"Layer 1\" width=\"45\" height=\"45\" viewBox=\"0 0 45 45\"><rect x=\"21.4279\" y=\"3.2923\" width=\"1.0465\" height=\"3.2928\"><\/rect><path d=\"M21.5,44A22.5,22.5,0,1,1,44,21.5,22.5253,22.5253,0,0,1,21.5,44ZM21.5.0465A21.4535,21.4535,0,1,0,42.9535,21.5,21.4778,21.4778,0,0,0,21.5.0465Z\" transform=\"translate(1 1)\"><\/path><polygon points=\"29.351 30.075 21.428 24.981 21.428 10.427 22.474 10.427 22.474 24.409 29.918 29.194 29.351 30.075\"><\/polygon><rect x=\"21.4279\" y=\"38.4143\" width=\"1.0465\" height=\"3.2928\"><\/rect><rect x=\"3.8416\" y=\"20.8791\" width=\"3.2928\" height=\"1.0465\"><\/rect><rect x=\"38.4143\" y=\"20.8791\" width=\"3.2928\" height=\"1.0465\"><\/rect><\/svg>\t\t\t\t<\/span>\n\t\t\t<\/div>\n\t\t\t\n\t\t\t\t\t\t<div class=\"elementor-icon-box-content\">\n\n\t\t\t\t\t\t\t\t\t<h3 class=\"elementor-icon-box-title\">\n\t\t\t\t\t\t<span  >\n\t\t\t\t\t\t\tHoraire de service\t\t\t\t\t\t<\/span>\n\t\t\t\t\t<\/h3>\n\t\t\t\t\n\t\t\t\t\t\t\t\t\t<p class=\"elementor-icon-box-description\">\n\t\t\t\t\t\tLundi au Vendredi: 8h - 17h <br>\nSamedi et Dimanche: 9h - 12h\n\t\t\t\t\t<\/p>\n\t\t\t\t\n\t\t\t<\/div>\n\t\t\t\n\t\t<\/div>\n\t\t\t\t\t\t<\/div>\n\t\t\t\t<\/div>\n\t\t\t\t<div class=\"elementor-element elementor-element-4432d935 elementor-position-inline-start elementor-view-default elementor-mobile-position-block-start elementor-widget elementor-widget-icon-box\" data-id=\"4432d935\" data-element_type=\"widget\" data-e-type=\"widget\" data-widget_type=\"icon-box.default\">\n\t\t\t\t<div class=\"elementor-widget-container\">\n\t\t\t\t\t\t\t<div class=\"elementor-icon-box-wrapper\">\n\n\t\t\t\t\t\t<div class=\"elementor-icon-box-icon\">\n\t\t\t\t<span  class=\"elementor-icon\">\n\t\t\t\t<svg xmlns=\"http:\/\/www.w3.org\/2000\/svg\" id=\"f7651d76-ee00-4083-9c64-2796abaebea1\" data-name=\"Layer 1\" width=\"45\" height=\"34.6149\" viewBox=\"0 0 45 34.6149\"><path d=\"M1,.7692V35.3841H46V.7692Zm43.06.9575L23.5,16.3357,2.9391,1.7267Zm-42.1029,32.7V2.2038L23.5,17.51,45.0425,2.2042V34.4266Z\" transform=\"translate(-1 -0.7692)\"><\/path><rect x=\"4.6152\" y=\"24.3289\" width=\"10.9615\" height=\"0.9575\"><\/rect><rect x=\"4.6152\" y=\"28.3672\" width=\"5.7695\" height=\"0.9574\"><\/rect><\/svg>\t\t\t\t<\/span>\n\t\t\t<\/div>\n\t\t\t\n\t\t\t\t\t\t<div class=\"elementor-icon-box-content\">\n\n\t\t\t\t\t\t\t\t\t<h4 class=\"elementor-icon-box-title\">\n\t\t\t\t\t\t<span  >\n\t\t\t\t\t\t\tCoordonn\u00e9es\t\t\t\t\t\t<\/span>\n\t\t\t\t\t<\/h4>\n\t\t\t\t\n\t\t\t\t\t\t\t\t\t<p class=\"elementor-icon-box-description\">\n\t\t\t\t\t\t<a href=\"tel:+15142849931\"> 514-284-9931 <\/a>  <br>\n<a href=\"mailto:info@elittech.ca\"> info@elittech.ca<\/a>\t\t\t\t\t<\/p>\n\t\t\t\t\n\t\t\t<\/div>\n\t\t\t\n\t\t<\/div>\n\t\t\t\t\t\t<\/div>\n\t\t\t\t<\/div>\n\t\t\t\t<div class=\"elementor-element elementor-element-6c246266 elementor-position-inline-start elementor-view-default elementor-mobile-position-block-start elementor-widget elementor-widget-icon-box\" data-id=\"6c246266\" data-element_type=\"widget\" data-e-type=\"widget\" data-widget_type=\"icon-box.default\">\n\t\t\t\t<div class=\"elementor-widget-container\">\n\t\t\t\t\t\t\t<div class=\"elementor-icon-box-wrapper\">\n\n\t\t\t\t\t\t<div class=\"elementor-icon-box-icon\">\n\t\t\t\t<span  class=\"elementor-icon\">\n\t\t\t\t<svg xmlns=\"http:\/\/www.w3.org\/2000\/svg\" id=\"f4c81fb4-425f-4ac6-9e17-c0fe23bc1ab5\" data-name=\"Layer 1\" width=\"28.8462\" height=\"45\" viewBox=\"0 0 28.8462 45\"><path d=\"M22.7115,32.9362a90.8161,90.8161,0,0,0,4.96-9.147c1.4982-3.2848,2.2519-5.8716,2.2519-7.6861a14.4231,14.4231,0,0,0-28.8462,0c0,1.8145.7537,4.4013,2.2519,7.6861a90.8161,90.8161,0,0,0,4.96,9.147c1.861,3.0614,3.722,5.853,4.96,7.6489.093.14.1861.27.27.4a17.4648,17.4648,0,0,0-4.1408.7724,6.3447,6.3447,0,0,0-1.8518.9118,1.2729,1.2729,0,0,0,0,2.2519,6.1185,6.1185,0,0,0,1.8518.9119A20.0544,20.0544,0,0,0,15.5,46.68a20.0544,20.0544,0,0,0,6.1228-.8468,6.1185,6.1185,0,0,0,1.8518-.9119,1.2729,1.2729,0,0,0,0-2.2519,6.3447,6.3447,0,0,0-1.8518-.9118,17.5478,17.5478,0,0,0-4.15-.7724c.093-.13.1861-.2605.2791-.4C18.99,38.7892,20.8505,35.9976,22.7115,32.9362Zm-1.3864,9.7054a5.2549,5.2549,0,0,1,1.5726.763c.27.2047.3256.3535.3256.3908s-.0558.1861-.3256.3908a5.3739,5.3739,0,0,1-1.5726.763,18.9786,18.9786,0,0,1-5.8251.8,18.9786,18.9786,0,0,1-5.8251-.8,5.3739,5.3739,0,0,1-1.5726-.763c-.27-.2047-.3256-.3536-.3256-.3908s.0558-.1861.3256-.3908a5.2549,5.2549,0,0,1,1.5726-.763,17.46,17.46,0,0,1,4.4665-.7631c.2792.4095.53.7631.7352,1.0515l.6234.8654.6234-.8654c.2048-.2884.4467-.642.7352-1.0515A17.46,17.46,0,0,1,21.3251,42.6416ZM16.9888,40.064c-.2047.3071-.4094.5862-.5955.8561-.2326.3443-.456.6513-.6514.9212-.0837.13-.1674.2419-.2419.3536-.0745-.1117-.1582-.2233-.2419-.3536-.1954-.27-.4188-.5769-.6514-.9212-.1861-.27-.3908-.549-.5955-.8561-1.2283-1.7959-3.08-4.5688-4.9318-7.6117a90.6281,90.6281,0,0,1-4.9038-9.0447c-1.4423-3.1637-2.1682-5.62-2.1682-7.3045a13.4926,13.4926,0,1,1,26.9852,0c0,1.6842-.7259,4.1408-2.1682,7.3045a89.7474,89.7474,0,0,1-4.9038,9.0447C20.0688,35.4952,18.2171,38.2681,16.9888,40.064Z\" transform=\"translate(-1.0769 -1.68)\"><\/path><path d=\"M15.5,8.6031a5.7693,5.7693,0,1,0,5.7692,5.7692A5.7741,5.7741,0,0,0,15.5,8.6031Zm0,10.6079a4.8387,4.8387,0,1,1,4.8387-4.8387A4.8409,4.8409,0,0,1,15.5,19.211Z\" transform=\"translate(-1.0769 -1.68)\"><\/path><\/svg>\t\t\t\t<\/span>\n\t\t\t<\/div>\n\t\t\t\n\t\t\t\t\t\t<div class=\"elementor-icon-box-content\">\n\n\t\t\t\t\t\t\t\t\t<h4 class=\"elementor-icon-box-title\">\n\t\t\t\t\t\t<span  >\n\t\t\t\t\t\t\tAdresse\t\t\t\t\t\t<\/span>\n\t\t\t\t\t<\/h4>\n\t\t\t\t\n\t\t\t\t\t\t\t\t\t<p class=\"elementor-icon-box-description\">\n\t\t\t\t\t\tSalle de montre - Sur rendez-vous. <br>6500 Route Transcanadienne, Montr\u00e9al (Ville St-Laurent), QC, H4T 1X4\t\t\t\t\t<\/p>\n\t\t\t\t\n\t\t\t<\/div>\n\t\t\t\n\t\t<\/div>\n\t\t\t\t\t\t<\/div>\n\t\t\t\t<\/div>\n\t\t\t\t\t<\/div>\n\t\t<\/div>\n\t\t\t\t\t<\/div>\n\t\t<\/section>\n\t\t\t\t<div class=\"elementor-element elementor-element-684e0996 elementor-widget__width-initial elementor-widget-tablet__width-initial elementor-widget-mobile__width-inherit elementor-absolute elementor-invisible elementor-widget elementor-widget-image\" data-id=\"684e0996\" data-element_type=\"widget\" data-e-type=\"widget\" data-settings=\"{&quot;_animation&quot;:&quot;slideInRight&quot;,&quot;_position&quot;:&quot;absolute&quot;}\" data-widget_type=\"image.default\">\n\t\t\t\t<div class=\"elementor-widget-container\">\n\t\t\t\t\t\t\t\t\t\t\t\t\t\t\t<img fetchpriority=\"high\" decoding=\"async\" width=\"840\" height=\"829\" src=\"https:\/\/elittech.ca\/wp-content\/uploads\/2022\/07\/shutterstock_59s5187249.jpg\" class=\"attachment-large size-large wp-image-452\" alt=\"\" srcset=\"https:\/\/elittech.ca\/wp-content\/uploads\/2022\/07\/shutterstock_59s5187249.jpg 946w, https:\/\/elittech.ca\/wp-content\/uploads\/2022\/07\/shutterstock_59s5187249-300x296.jpg 300w, https:\/\/elittech.ca\/wp-content\/uploads\/2022\/07\/shutterstock_59s5187249-768x758.jpg 768w\" sizes=\"(max-width: 840px) 100vw, 840px\" \/>\t\t\t\t\t\t\t\t\t\t\t\t\t\t\t<\/div>\n\t\t\t\t<\/div>\n\t\t\t\t\t<\/div>\n\t\t<\/div>\n\t\t\t\t\t<\/div>\n\t\t<\/section>\n\t\t\t\t<section class=\"elementor-section elementor-top-section elementor-element elementor-element-45256071 elementor-section-boxed elementor-section-height-default elementor-section-height-default\" data-id=\"45256071\" data-element_type=\"section\" data-e-type=\"section\">\n\t\t\t\t\t\t<div class=\"elementor-container elementor-column-gap-no\">\n\t\t\t\t\t<div class=\"elementor-column elementor-col-100 elementor-top-column elementor-element elementor-element-15b854\" data-id=\"15b854\" data-element_type=\"column\" data-e-type=\"column\">\n\t\t\t<div class=\"elementor-widget-wrap elementor-element-populated\">\n\t\t\t\t\t\t<section class=\"elementor-section elementor-inner-section elementor-element elementor-element-3ec1c430 elementor-section-boxed elementor-section-height-default elementor-section-height-default\" data-id=\"3ec1c430\" data-element_type=\"section\" data-e-type=\"section\">\n\t\t\t\t\t\t<div class=\"elementor-container elementor-column-gap-no\">\n\t\t\t\t\t<div class=\"elementor-column elementor-col-100 elementor-inner-column elementor-element elementor-element-68ab04b\" data-id=\"68ab04b\" data-element_type=\"column\" data-e-type=\"column\">\n\t\t\t<div class=\"elementor-widget-wrap elementor-element-populated\">\n\t\t\t\t\t\t<div class=\"elementor-element elementor-element-4fe3bc1e elementor-widget elementor-widget-heading\" data-id=\"4fe3bc1e\" data-element_type=\"widget\" data-e-type=\"widget\" data-widget_type=\"heading.default\">\n\t\t\t\t<div class=\"elementor-widget-container\">\n\t\t\t\t\t<h2 class=\"elementor-heading-title elementor-size-default\">FORMULAIRE DE CONTACT<\/h2>\t\t\t\t<\/div>\n\t\t\t\t<\/div>\n\t\t\t\t\t<\/div>\n\t\t<\/div>\n\t\t\t\t\t<\/div>\n\t\t<\/section>\n\t\t\t\t<div class=\"elementor-element elementor-element-573c928a elementor-widget-divider--view-line elementor-widget elementor-widget-divider\" data-id=\"573c928a\" data-element_type=\"widget\" data-e-type=\"widget\" data-widget_type=\"divider.default\">\n\t\t\t\t<div class=\"elementor-widget-container\">\n\t\t\t\t\t\t\t<div class=\"elementor-divider\">\n\t\t\t<span class=\"elementor-divider-separator\">\n\t\t\t\t\t\t<\/span>\n\t\t<\/div>\n\t\t\t\t\t\t<\/div>\n\t\t\t\t<\/div>\n\t\t\t\t<section class=\"elementor-section elementor-inner-section elementor-element elementor-element-2617f8f9 elementor-section-boxed elementor-section-height-default elementor-section-height-default\" data-id=\"2617f8f9\" data-element_type=\"section\" data-e-type=\"section\">\n\t\t\t\t\t\t<div class=\"elementor-container elementor-column-gap-no\">\n\t\t\t\t\t<div class=\"elementor-column elementor-col-100 elementor-inner-column elementor-element elementor-element-527eafd8\" data-id=\"527eafd8\" data-element_type=\"column\" data-e-type=\"column\">\n\t\t\t<div class=\"elementor-widget-wrap elementor-element-populated\">\n\t\t\t\t\t\t<div class=\"elementor-element elementor-element-16219594 elementor-widget elementor-widget-heading\" data-id=\"16219594\" data-element_type=\"widget\" data-e-type=\"widget\" data-widget_type=\"heading.default\">\n\t\t\t\t<div class=\"elementor-widget-container\">\n\t\t\t\t\t<p class=\"elementor-heading-title elementor-size-default\">\u00c9crivez-nous et nous vous  contacterons d\u00e8s que possible.<\/p>\t\t\t\t<\/div>\n\t\t\t\t<\/div>\n\t\t\t\t<div class=\"elementor-element elementor-element-1e1c0888 elementor-button-align-center elementor-widget elementor-widget-form\" data-id=\"1e1c0888\" data-element_type=\"widget\" data-e-type=\"widget\" data-settings=\"{&quot;step_next_label&quot;:&quot;Next&quot;,&quot;step_previous_label&quot;:&quot;Previous&quot;,&quot;button_width&quot;:&quot;100&quot;,&quot;step_type&quot;:&quot;number_text&quot;,&quot;step_icon_shape&quot;:&quot;circle&quot;}\" data-widget_type=\"form.default\">\n\t\t\t\t<div class=\"elementor-widget-container\">\n\t\t\t\t\t\t\t<form class=\"elementor-form\" method=\"post\" name=\"Formulaire de contact\" aria-label=\"Formulaire de contact\">\n\t\t\t<input type=\"hidden\" name=\"post_id\" value=\"24\"\/>\n\t\t\t<input type=\"hidden\" name=\"form_id\" value=\"1e1c0888\"\/>\n\t\t\t<input type=\"hidden\" name=\"referer_title\" value=\"Contactez-nous\" \/>\n\n\t\t\t\t\t\t\t<input type=\"hidden\" name=\"queried_id\" value=\"24\"\/>\n\t\t\t\n\t\t\t<div class=\"elementor-form-fields-wrapper elementor-labels-\">\n\t\t\t\t\t\t\t\t<div class=\"elementor-field-type-text elementor-field-group elementor-column elementor-field-group-name elementor-col-50 elementor-field-required\">\n\t\t\t\t\t\t\t\t\t\t\t\t<label for=\"form-field-name\" class=\"elementor-field-label elementor-screen-only\">\n\t\t\t\t\t\t\t\tNOM\t\t\t\t\t\t\t<\/label>\n\t\t\t\t\t\t\t\t\t\t\t\t\t\t<input size=\"1\" type=\"text\" name=\"form_fields[name]\" id=\"form-field-name\" class=\"elementor-field elementor-size-sm  elementor-field-textual\" placeholder=\"NOM\" required=\"required\">\n\t\t\t\t\t\t\t\t\t\t\t<\/div>\n\t\t\t\t\t\t\t\t<div class=\"elementor-field-type-tel elementor-field-group elementor-column elementor-field-group-field_4b2efd0 elementor-col-50 elementor-field-required\">\n\t\t\t\t\t\t\t\t\t\t\t\t<label for=\"form-field-field_4b2efd0\" class=\"elementor-field-label elementor-screen-only\">\n\t\t\t\t\t\t\t\tT\u00c9L\u00c9PHONE\t\t\t\t\t\t\t<\/label>\n\t\t\t\t\t\t\t\t<input size=\"1\" type=\"tel\" name=\"form_fields[field_4b2efd0]\" id=\"form-field-field_4b2efd0\" class=\"elementor-field elementor-size-sm  elementor-field-textual\" placeholder=\"T\u00c9L\u00c9PHONE\" required=\"required\" pattern=\"[0-9()#&amp;+*-=.]+\" title=\"Seuls les caract\u00e8res de num\u00e9ros de t\u00e9l\u00e9phone (#, -, *, etc.) sont accept\u00e9s.\">\n\n\t\t\t\t\t\t<\/div>\n\t\t\t\t\t\t\t\t<div class=\"elementor-field-type-email elementor-field-group elementor-column elementor-field-group-email elementor-col-50 elementor-field-required\">\n\t\t\t\t\t\t\t\t\t\t\t\t<label for=\"form-field-email\" class=\"elementor-field-label elementor-screen-only\">\n\t\t\t\t\t\t\t\tCOURRIEL\t\t\t\t\t\t\t<\/label>\n\t\t\t\t\t\t\t\t\t\t\t\t\t\t<input size=\"1\" type=\"email\" name=\"form_fields[email]\" id=\"form-field-email\" class=\"elementor-field elementor-size-sm  elementor-field-textual\" placeholder=\"COURRIEL\" required=\"required\">\n\t\t\t\t\t\t\t\t\t\t\t<\/div>\n\t\t\t\t\t\t\t\t<div class=\"elementor-field-type-text\">\n\t\t\t\t\t<input size=\"1\" type=\"text\" name=\"form_fields[field_a8371c6]\" id=\"form-field-field_a8371c6\" class=\"elementor-field elementor-size-sm \" style=\"display:none !important;\">\t\t\t\t<\/div>\n\t\t\t\t\t\t\t\t<div class=\"elementor-field-type-text elementor-field-group elementor-column elementor-field-group-field_5cf9086 elementor-col-50 elementor-field-required\">\n\t\t\t\t\t\t\t\t\t\t\t\t<label for=\"form-field-field_5cf9086\" class=\"elementor-field-label elementor-screen-only\">\n\t\t\t\t\t\t\t\tARRONDISSEMENT \/ VILLE\t\t\t\t\t\t\t<\/label>\n\t\t\t\t\t\t\t\t\t\t\t\t\t\t<input size=\"1\" type=\"text\" name=\"form_fields[field_5cf9086]\" id=\"form-field-field_5cf9086\" class=\"elementor-field elementor-size-sm  elementor-field-textual\" placeholder=\"ADRESSE\/VILLE\" required=\"required\">\n\t\t\t\t\t\t\t\t\t\t\t<\/div>\n\t\t\t\t\t\t\t\t<div class=\"elementor-field-type-textarea elementor-field-group elementor-column elementor-field-group-field_17e334c elementor-col-100 elementor-field-required\">\n\t\t\t\t\t\t\t\t\t\t\t\t<label for=\"form-field-field_17e334c\" class=\"elementor-field-label elementor-screen-only\">\n\t\t\t\t\t\t\t\tMESSAGE\t\t\t\t\t\t\t<\/label>\n\t\t\t\t\t\t<textarea class=\"elementor-field-textual elementor-field  elementor-size-sm\" name=\"form_fields[field_17e334c]\" id=\"form-field-field_17e334c\" rows=\"4\" placeholder=\"MESSAGE\" required=\"required\"><\/textarea>\t\t\t\t<\/div>\n\t\t\t\t\t\t\t\t<div class=\"elementor-field-type-upload elementor-field-group elementor-column elementor-field-group-field_3413b26 elementor-col-100\">\n\t\t\t\t\t\t\t\t\t\t\t\t<label for=\"form-field-field_3413b26\" class=\"elementor-field-label elementor-screen-only\">\n\t\t\t\t\t\t\t\tPI\u00c8CES JOINTES\t\t\t\t\t\t\t<\/label>\n\t\t\t\t\t\t\t\t<input type=\"file\" name=\"form_fields[field_3413b26][]\" id=\"form-field-field_3413b26\" class=\"elementor-field elementor-size-sm  elementor-upload-field\" multiple=\"multiple\">\n\n\t\t\t\t\t\t<\/div>\n\t\t\t\t\t\t\t\t<div class=\"elementor-field-type-recaptcha_v3 elementor-field-group elementor-column elementor-field-group-field_4dd8ee6 elementor-col-100 recaptcha_v3-bottomright\">\n\t\t\t\t\t<div class=\"elementor-field\" id=\"form-field-field_4dd8ee6\"><div class=\"elementor-g-recaptcha\" data-sitekey=\"6Le1EoIgAAAAAK5F_LWrfgMBBmftDIX1ujNleT4L\" data-type=\"v3\" data-action=\"Form\" data-badge=\"bottomright\" data-size=\"invisible\"><\/div><\/div>\t\t\t\t<\/div>\n\t\t\t\t\t\t\t\t<div class=\"elementor-field-type-acceptance elementor-field-group elementor-column elementor-field-group-field_d1847d7 elementor-col-100 elementor-field-required\">\n\t\t\t\t\t\t\t<div class=\"elementor-field-subgroup\">\n\t\t\t<span class=\"elementor-field-option\">\n\t\t\t\t<input type=\"checkbox\" name=\"form_fields[field_d1847d7]\" id=\"form-field-field_d1847d7\" class=\"elementor-field elementor-size-sm  elementor-acceptance-field\" required=\"required\">\n\t\t\t\t<label for=\"form-field-field_d1847d7\">J'ai lu et j'accepte les termes et conditions de la <a href=\"https:\/\/elittech.ca\/fr\/politique-de-la-vie-privee\/\"> protection de la vie priv\u00e9e.<\/a><\/label>\t\t\t<\/span>\n\t\t<\/div>\n\t\t\t\t\t\t<\/div>\n\t\t\t\t\t\t\t\t<div class=\"elementor-field-group elementor-column elementor-field-type-submit elementor-col-100 e-form__buttons\">\n\t\t\t\t\t<button class=\"elementor-button elementor-size-sm\" type=\"submit\">\n\t\t\t\t\t\t<span class=\"elementor-button-content-wrapper\">\n\t\t\t\t\t\t\t\t\t\t\t\t\t\t\t\t\t\t\t\t\t\t<span class=\"elementor-button-text\">ENVOYER<\/span>\n\t\t\t\t\t\t\t\t\t\t\t\t\t<\/span>\n\t\t\t\t\t<\/button>\n\t\t\t\t<\/div>\n\t\t\t<\/div>\n\t\t<\/form>\n\t\t\t\t\t\t<\/div>\n\t\t\t\t<\/div>\n\t\t\t\t\t<\/div>\n\t\t<\/div>\n\t\t\t\t\t<\/div>\n\t\t<\/section>\n\t\t\t\t\t<\/div>\n\t\t<\/div>\n\t\t\t\t\t<\/div>\n\t\t<\/section>\n\t\t\t\t<\/div>\n\t\t","protected":false},"excerpt":{"rendered":"<p>contactez \u00c9lit Tech Pour plus d&rsquo;informations sur nos services et pour obtenir une soumission, n&rsquo;h\u00e9sitez pas \u00e0 communiquer avec nous! Nous offrons un service d&rsquo;estimation rapide! Horaire de service Lundi au Vendredi: 8h &#8211; 17h Samedi et Dimanche: 9h &#8211; 12h Coordonn\u00e9es 514-284-9931 info@elittech.ca Adresse Salle de montre &#8211; Sur rendez-vous. 6500 Route Transcanadienne, Montr\u00e9al &#8230; <a title=\"Contactez-nous\" class=\"read-more\" href=\"https:\/\/elittech.ca\/fr\/contactez-nous\/\" aria-label=\"En savoir plus sur Contactez-nous\">Lire plus<\/a><\/p>\n","protected":false},"author":1,"featured_media":0,"parent":0,"menu_order":0,"comment_status":"closed","ping_status":"closed","template":"elementor_header_footer","meta":{"_seopress_robots_primary_cat":"","_seopress_titles_title":"","_seopress_titles_desc":"","_seopress_robots_index":"","_vp_format_video_url":"","_vp_image_focal_point":[],"footnotes":""},"class_list":["post-24","page","type-page","status-publish"],"_links":{"self":[{"href":"https:\/\/elittech.ca\/fr\/wp-json\/wp\/v2\/pages\/24","targetHints":{"allow":["GET"]}}],"collection":[{"href":"https:\/\/elittech.ca\/fr\/wp-json\/wp\/v2\/pages"}],"about":[{"href":"https:\/\/elittech.ca\/fr\/wp-json\/wp\/v2\/types\/page"}],"author":[{"embeddable":true,"href":"https:\/\/elittech.ca\/fr\/wp-json\/wp\/v2\/users\/1"}],"replies":[{"embeddable":true,"href":"https:\/\/elittech.ca\/fr\/wp-json\/wp\/v2\/comments?post=24"}],"version-history":[{"count":0,"href":"https:\/\/elittech.ca\/fr\/wp-json\/wp\/v2\/pages\/24\/revisions"}],"wp:attachment":[{"href":"https:\/\/elittech.ca\/fr\/wp-json\/wp\/v2\/media?parent=24"}],"curies":[{"name":"wp","href":"https:\/\/api.w.org\/{rel}","templated":true}]}}